{"id":2544,"date":"2024-09-10T15:36:27","date_gmt":"2024-09-10T13:36:27","guid":{"rendered":"https:\/\/autohausattia.at\/start\/?page_id=2544"},"modified":"2024-09-10T15:50:44","modified_gmt":"2024-09-10T13:50:44","slug":"unsere-preise","status":"publish","type":"page","link":"https:\/\/autohausattia.at\/start\/unsere-preise\/","title":{"rendered":"Unsere Preise"},"content":{"rendered":"\t\t<div data-elementor-type=\"wp-page\" data-elementor-id=\"2544\" class=\"elementor elementor-2544\">\n\t\t\t\t<div class=\"elementor-element elementor-element-a3207e2 e-flex e-con-boxed e-con e-parent\" data-id=\"a3207e2\" data-element_type=\"container\">\n\t\t\t\t\t<div class=\"e-con-inner\">\n\t\t\t\t<div class=\"elementor-element elementor-element-748959c elementor-widget elementor-widget-heading\" data-id=\"748959c\" data-element_type=\"widget\" data-widget_type=\"heading.default\">\n\t\t\t\t<div class=\"elementor-widget-container\">\n\t\t\t<h1 class=\"elementor-heading-title elementor-size-default\">Unsere Preise <\/h1>\t\t<\/div>\n\t\t\t\t<\/div>\n\t\t\t\t\t<\/div>\n\t\t\t\t<\/div>\n\t\t<div class=\"elementor-element elementor-element-0f4f2cb e-flex e-con-boxed e-con e-parent\" data-id=\"0f4f2cb\" data-element_type=\"container\">\n\t\t\t\t\t<div class=\"e-con-inner\">\n\t\t\t\t<div class=\"elementor-element elementor-element-bad74c8 elementor-widget elementor-widget-text-editor\" data-id=\"bad74c8\" data-element_type=\"widget\" data-widget_type=\"text-editor.default\">\n\t\t\t\t<div class=\"elementor-widget-container\">\n\t\t\t\t\t\t\t<table>\n<thead>\n<tr>\n<th><strong>Dienstleistung<\/strong><\/th>\n<th><strong>Preis<\/strong><\/th>\n<\/tr>\n<\/thead>\n<tbody>\n<tr>\n<td><strong>Pickerl (bis 2,8 t)<\/strong><\/td>\n<td>\u20ac 70,-<\/td>\n<\/tr>\n<tr>\n<td><strong>Pickerl (2,8 t bis 3,5 t)<\/strong><\/td>\n<td>\u20ac 120,-<\/td>\n<\/tr>\n<tr>\n<td><strong>Pickerl (Motorrad, ungebremste Anh\u00e4nger)<\/strong><\/td>\n<td>\u20ac 70,-<\/td>\n<\/tr>\n<tr>\n<td>\n<h4><strong>Nachpr\u00fcfung<\/strong><\/h4>\n<\/td>\n<td><strong><em>Bei Nachpr\u00fcfung mit Reparatur au\u00dferhalb des Betriebes sind die Pr\u00fcfkosten nochmals zu entrichten.<\/em><\/strong><\/td>\n<\/tr>\n<tr>\n<td><strong>\u00d6lwechsel mit \u00d6lfilter<\/strong><\/td>\n<td>ab \u20ac 100,-<\/td>\n<\/tr>\n<tr>\n<td><strong>Bremsfl\u00fcssigkeit erneuern<\/strong><\/td>\n<td>ab \u20ac 60,-<\/td>\n<\/tr>\n<tr>\n<td><strong>Reifenmontage pro St\u00fcck (abh\u00e4ngig von der Dimension)<\/strong><\/td>\n<td>ab \u20ac 14,-<\/td>\n<\/tr>\n<tr>\n<td><strong>Reifen umstecken pro St\u00fcck (Sommer-Winter)<\/strong><\/td>\n<td>\u20ac 10,-<\/td>\n<\/tr>\n<tr>\n<td><strong>Reifen wuchten pro St\u00fcck (abh\u00e4ngig von der Dimension)<\/strong><\/td>\n<td>ab \u20ac 8,-<\/td>\n<\/tr>\n<tr>\n<td><strong>Vier Reifen lagern, pro Saison<\/strong><\/td>\n<td>ab \u20ac 37,-<\/td>\n<\/tr>\n<tr>\n<td><strong>Reifen waschen, pro St\u00fcck<\/strong><\/td>\n<td>ab \u20ac 8,50<\/td>\n<\/tr>\n<tr>\n<td><strong>Motorradreifen ummontieren (mit ausgebauter Felge)<\/strong><\/td>\n<td>ab \u20ac 14,-<\/td>\n<\/tr>\n<tr>\n<td><strong>Achsvermessung vorne<\/strong><\/td>\n<td>ab \u20ac 85,-<\/td>\n<\/tr>\n<tr>\n<td><strong>Klimaanlage f\u00fcllen und servicieren (je nach F\u00fcllmenge)<\/strong><\/td>\n<td>ab \u20ac 95,-<\/td>\n<\/tr>\n<tr>\n<td><strong>Komplette Au\u00dfenlackierung f\u00fcr PKW<\/strong><\/td>\n<td>ab \u20ac 2800,-<\/td>\n<\/tr>\n<tr>\n<td><strong>Komplette Au\u00dfenlackierung f\u00fcr kleine LKW (Bus)<\/strong><\/td>\n<td>ab \u20ac 3500,-<\/td>\n<\/tr>\n<tr>\n<td><strong>Steinschlagbehandlung<\/strong><\/td>\n<td>ab \u20ac 42,-<\/td>\n<\/tr>\n<tr>\n<td><strong>Fahrzeugpolitur STANDARD (je nach Gr\u00f6\u00dfe)<\/strong><\/td>\n<td>ab \u20ac 140,-<\/td>\n<\/tr>\n<tr>\n<td><strong>Innen-Au\u00dfenreinigung STANDARD<\/strong><\/td>\n<td>ab \u20ac 70,-<\/td>\n<\/tr>\n<tr>\n<td><strong>Kosten f\u00fcr eine Arbeitsstunde (Super Stundensatz)<\/strong><\/td>\n<td>ab \u20ac 90,- inkl. MwSt.<\/td>\n<\/tr>\n<tr>\n<td><strong>Pauschalpreis ab 15 Stunden Arbeitszeit<\/strong><\/td>\n<td>Preis nach Absprache<\/td>\n<\/tr>\n<\/tbody>\n<\/table>\n<p>Alle Preise sind inkl. MwSt.<\/p>\t\t\t\t\t\t<\/div>\n\t\t\t\t<\/div>\n\t\t\t\t\t<\/div>\n\t\t\t\t<\/div>\n\t\t\t\t<\/div>\n\t\t","protected":false},"excerpt":{"rendered":"<p>Unsere Preise Dienstleistung Preis Pickerl (bis 2,8 t) \u20ac 70,- Pickerl (2,8 t bis 3,5 t) \u20ac 120,- Pickerl (Motorrad, ungebremste Anh\u00e4nger) \u20ac 70,- Nachpr\u00fcfung Bei Nachpr\u00fcfung mit Reparatur au\u00dferhalb des Betriebes sind die Pr\u00fcfkosten nochmals zu entrichten. \u00d6lwechsel mit \u00d6lfilter ab \u20ac 100,- Bremsfl\u00fcssigkeit erneuern ab \u20ac 60,- Reifenmontage pro St\u00fcck (abh\u00e4ngig von der [&hellip;]<\/p>\n","protected":false},"author":1,"featured_media":0,"parent":0,"menu_order":0,"comment_status":"closed","ping_status":"closed","template":"","meta":{"_uag_custom_page_level_css":"","_monsterinsights_skip_tracking":false,"_monsterinsights_sitenote_active":false,"_monsterinsights_sitenote_note":"","_monsterinsights_sitenote_category":0,"site-sidebar-layout":"no-sidebar","site-content-layout":"page-builder","ast-site-content-layout":"full-width-container","site-content-style":"default","site-sidebar-style":"default","ast-global-header-display":"","ast-banner-title-visibility":"","ast-main-header-display":"","ast-hfb-above-header-display":"","ast-hfb-below-header-display":"","ast-hfb-mobile-header-display":"","site-post-title":"disabled","ast-breadcrumbs-content":"","ast-featured-img":"disabled","footer-sml-layout":"","theme-transparent-header-meta":"","adv-header-id-meta":"","stick-header-meta":"","header-above-stick-meta":"","header-main-stick-meta":"","header-below-stick-meta":"","astra-migrate-meta-layouts":"set","ast-page-background-enabled":"default","ast-page-background-meta":{"desktop":{"background-color":"","background-image":"","background-repeat":"repeat","background-position":"center center","background-size":"auto","background-attachment":"scroll","background-type":"","background-media":"","overlay-type":"","overlay-color":"","overlay-gradient":""},"tablet":{"background-color":"","background-image":"","background-repeat":"repeat","background-position":"center center","background-size":"auto","background-attachment":"scroll","background-type":"","background-media":"","overlay-type":"","overlay-color":"","overlay-gradient":""},"mobile":{"background-color":"","background-image":"","background-repeat":"repeat","background-position":"center center","background-size":"auto","background-attachment":"scroll","background-type":"","background-media":"","overlay-type":"","overlay-color":"","overlay-gradient":""}},"ast-content-background-meta":{"desktop":{"background-color":"var(--ast-global-color-5)","background-image":"","background-repeat":"repeat","background-position":"center center","background-size":"auto","background-attachment":"scroll","background-type":"","background-media":"","overlay-type":"","overlay-color":"","overlay-gradient":""},"tablet":{"background-color":"var(--ast-global-color-5)","background-image":"","background-repeat":"repeat","background-position":"center center","background-size":"auto","background-attachment":"scroll","background-type":"","background-media":"","overlay-type":"","overlay-color":"","overlay-gradient":""},"mobile":{"background-color":"var(--ast-global-color-5)","background-image":"","background-repeat":"repeat","background-position":"center center","background-size":"auto","background-attachment":"scroll","background-type":"","background-media":"","overlay-type":"","overlay-color":"","overlay-gradient":""}},"footnotes":""},"class_list":["post-2544","page","type-page","status-publish","hentry"],"aioseo_notices":[],"uagb_featured_image_src":{"full":false,"thumbnail":false,"medium":false,"medium_large":false,"large":false,"1536x1536":false,"2048x2048":false},"uagb_author_info":{"display_name":"lootrefund.at","author_link":"https:\/\/autohausattia.at\/start\/author\/lootrefund-at\/"},"uagb_comment_info":0,"uagb_excerpt":"Unsere Preise Dienstleistung Preis Pickerl (bis 2,8 t) \u20ac 70,- Pickerl (2,8 t bis 3,5 t) \u20ac 120,- Pickerl (Motorrad, ungebremste Anh\u00e4nger) \u20ac 70,- Nachpr\u00fcfung Bei Nachpr\u00fcfung mit Reparatur au\u00dferhalb des Betriebes sind die Pr\u00fcfkosten nochmals zu entrichten. \u00d6lwechsel mit \u00d6lfilter ab \u20ac 100,- Bremsfl\u00fcssigkeit erneuern ab \u20ac 60,- Reifenmontage pro St\u00fcck (abh\u00e4ngig von der&hellip;","_links":{"self":[{"href":"https:\/\/autohausattia.at\/start\/wp-json\/wp\/v2\/pages\/2544","targetHints":{"allow":["GET"]}}],"collection":[{"href":"https:\/\/autohausattia.at\/start\/wp-json\/wp\/v2\/pages"}],"about":[{"href":"https:\/\/autohausattia.at\/start\/wp-json\/wp\/v2\/types\/page"}],"author":[{"embeddable":true,"href":"https:\/\/autohausattia.at\/start\/wp-json\/wp\/v2\/users\/1"}],"replies":[{"embeddable":true,"href":"https:\/\/autohausattia.at\/start\/wp-json\/wp\/v2\/comments?post=2544"}],"version-history":[{"count":14,"href":"https:\/\/autohausattia.at\/start\/wp-json\/wp\/v2\/pages\/2544\/revisions"}],"predecessor-version":[{"id":2605,"href":"https:\/\/autohausattia.at\/start\/wp-json\/wp\/v2\/pages\/2544\/revisions\/2605"}],"wp:attachment":[{"href":"https:\/\/autohausattia.at\/start\/wp-json\/wp\/v2\/media?parent=2544"}],"curies":[{"name":"wp","href":"https:\/\/api.w.org\/{rel}","templated":true}]}}